{"id":560,"date":"2024-07-16T01:22:15","date_gmt":"2024-07-16T00:22:15","guid":{"rendered":"https:\/\/grupodeinversioneseintermediacion.es\/?page_id=560"},"modified":"2024-07-16T02:35:27","modified_gmt":"2024-07-16T01:35:27","slug":"parcelas","status":"publish","type":"page","link":"https:\/\/grupodeinversioneseintermediacion.es\/index.php\/parcelas\/","title":{"rendered":"Parcelas"},"content":{"rendered":"\t\t<div data-elementor-type=\"wp-page\" data-elementor-id=\"560\" class=\"elementor elementor-560\" data-elementor-settings=\"{&quot;profecient_custom_cursor_toggle&quot;:false}\" data-elementor-post-type=\"page\">\n\t\t\t\t<div class=\"elementor-element elementor-element-64eb7c2 e-flex e-con-boxed e-con e-parent\" data-id=\"64eb7c2\" data-element_type=\"container\" data-settings=\"{&quot;profecient_background_motion_effects_toggle&quot;:0,&quot;profecient_custom_cursor_toggle&quot;:false,&quot;profecient_parallax_effects_toggle&quot;:0,&quot;profecient_mouse_effects_toggle&quot;:0}\">\n\t\t\t\t\t<div class=\"e-con-inner\">\n\t\t\t\t<div class=\"elementor-element elementor-element-84c0f0d elementor-widget elementor-widget-image\" data-id=\"84c0f0d\" data-element_type=\"widget\" data-settings=\"{&quot;profecient_custom_cursor_toggle&quot;:false,&quot;profecient_parallax_effects_toggle&quot;:0,&quot;profecient_mouse_effects_toggle&quot;:0}\" data-widget_type=\"image.default\">\n\t\t\t\t<div class=\"elementor-widget-container\">\n\t\t\t<style>\/*! elementor - v3.23.0 - 25-07-2024 *\/\n.elementor-widget-image{text-align:center}.elementor-widget-image a{display:inline-block}.elementor-widget-image a img[src$=\".svg\"]{width:48px}.elementor-widget-image img{vertical-align:middle;display:inline-block}<\/style>\t\t\t\t\t\t\t\t\t\t<img fetchpriority=\"high\" decoding=\"async\" width=\"300\" height=\"177\" src=\"https:\/\/grupodeinversioneseintermediacion.es\/wp-content\/uploads\/2024\/07\/Plano-300x177-1.png\" class=\"attachment-full size-full wp-image-607\" alt=\"\" \/>\t\t\t\t\t\t\t\t\t\t\t\t\t<\/div>\n\t\t\t\t<\/div>\n\t\t\t\t\t<\/div>\n\t\t\t\t<\/div>\n\t\t<div class=\"elementor-element elementor-element-fc27101 e-flex e-con-boxed e-con e-parent\" data-id=\"fc27101\" data-element_type=\"container\" data-settings=\"{&quot;profecient_background_motion_effects_toggle&quot;:0,&quot;profecient_custom_cursor_toggle&quot;:false,&quot;profecient_parallax_effects_toggle&quot;:0,&quot;profecient_mouse_effects_toggle&quot;:0}\">\n\t\t\t\t\t<div class=\"e-con-inner\">\n\t\t\t\t<div class=\"elementor-element elementor-element-8b61d01 elementor-widget elementor-widget-heading\" data-id=\"8b61d01\" data-element_type=\"widget\" data-settings=\"{&quot;profecient_custom_cursor_toggle&quot;:false,&quot;profecient_parallax_effects_toggle&quot;:0,&quot;profecient_mouse_effects_toggle&quot;:0}\" data-widget_type=\"heading.default\">\n\t\t\t\t<div class=\"elementor-widget-container\">\n\t\t\t<style>\/*! elementor - v3.23.0 - 25-07-2024 *\/\n.elementor-heading-title{padding:0;margin:0;line-height:1}.elementor-widget-heading .elementor-heading-title[class*=elementor-size-]>a{color:inherit;font-size:inherit;line-height:inherit}.elementor-widget-heading .elementor-heading-title.elementor-size-small{font-size:15px}.elementor-widget-heading .elementor-heading-title.elementor-size-medium{font-size:19px}.elementor-widget-heading .elementor-heading-title.elementor-size-large{font-size:29px}.elementor-widget-heading .elementor-heading-title.elementor-size-xl{font-size:39px}.elementor-widget-heading .elementor-heading-title.elementor-size-xxl{font-size:59px}<\/style><h2 class=\"elementor-heading-title elementor-size-default\"><h3>Oportunidad en Primera L\u00ednea de Playa<\/h3>\n\n<p><strong>Superficie:<\/strong> 5.360 m\u00b2<\/p>\n<p><strong>Precio:<\/strong> 2.000.000 \u20ac<\/p>\n\n<h4>Descripci\u00f3n<\/h4>\n<p>Ideal para:<\/p>\n<ul>\n    <li>Hotel con spa (agua salada)<\/li>\n    <li>Balneario-spa<\/li>\n    <li>Vivienda de lujo<\/li>\n<\/ul>\n<p>Dispone del privilegio de abastecerse del propio mar.<\/p>\n\n<h4>Ubicaci\u00f3n<\/h4>\n<p><strong>Provincia:<\/strong> Pontevedra, Galicia<\/p>\n<p>La edificaci\u00f3n se encuentra en un entorno delimitado por la ley de Costas (Zona Mar\u00edtima Terrestre).<\/p>\n\n<h4>Regulaciones de Construcci\u00f3n<\/h4>\n<p>Plano anterior al 2002, lo que permite construir a 100 metros de la playa. Cualquier otra edificaci\u00f3n adicional deber\u00e1 estar a 250 metros de la playa lineales.<\/p>\n\n<h4>Acceso y Parcelas<\/h4>\n<p>El acceso a la playa desde la parcela es exclusivo, casi como una playa privada.<\/p>\n<p>Posibilidad de adquirir finca colindante de 5.000 m\u00b2 para ampliaci\u00f3n de zonas verdes.<\/p>\n\n<h4>Superficie Construida<\/h4>\n<p><strong>Total:<\/strong> 1.160,23 m\u00b2<\/p>\n<p><strong>Superficie \u00datil:<\/strong> 980,83 m\u00b2<\/p>\n\n<h4>Distribuci\u00f3n:<\/h4>\n<ul>\n    <li><strong>Planta S\u00f3tano:<\/strong> \n        <ul>\n            <li>Construidos: 505,23 m\u00b2<\/li>\n            <li>\u00datiles: 433,57 m\u00b2<\/li>\n        <\/ul>\n    <\/li>\n    <li><strong>Planta Baja:<\/strong> \n        <ul>\n            <li>Construidos: 398,48 m\u00b2<\/li>\n            <li>\u00datiles: 349,02 m\u00b2<\/li>\n        <\/ul>\n    <\/li>\n    <li><strong>Primera Planta:<\/strong> \n        <ul>\n            <li>Construidos: 257,09 m\u00b2<\/li>\n            <li>\u00datiles: 198,24 m\u00b2<\/li>\n        <\/ul>\n    <\/li>\n<\/ul>\n\n<p>La edificaci\u00f3n ocupa unos 600 m\u00b2 del total de la parcela, quedando m\u00e1s de 4.500 m\u00b2 disponibles para:<\/p>\n<ul>\n    <li>Jardines o zonas verdes<\/li>\n    <li>Piscinas<\/li>\n    <li>Parking<\/li>\n<\/ul>\n\n<h4>Accesibilidad<\/h4>\n<p>A la parcela se puede acceder tanto peatonalmente como en veh\u00edculo, desde el Paseo Mar\u00edtimo o desde la carretera.<\/p>\n\n<h4>Servicios Cercanos<\/h4>\n<ul>\n    <li>A 200 m se accede a un centro comercial.<\/li>\n    <li>A 600 m se encuentra el centro del pueblo.<\/li>\n<\/ul>\n\n<h4>Entorno<\/h4>\n<p>Situado en un pueblo famoso por sus playas y su marisco.<\/p><\/h2>\t\t<\/div>\n\t\t\t\t<\/div>\n\t\t\t\t\t<\/div>\n\t\t\t\t<\/div>\n\t\t<div class=\"elementor-element elementor-element-77afeae e-flex e-con-boxed e-con e-parent\" data-id=\"77afeae\" data-element_type=\"container\" data-settings=\"{&quot;profecient_background_motion_effects_toggle&quot;:0,&quot;profecient_custom_cursor_toggle&quot;:false,&quot;profecient_parallax_effects_toggle&quot;:0,&quot;profecient_mouse_effects_toggle&quot;:0}\">\n\t\t\t\t\t<div class=\"e-con-inner\">\n\t\t\t\t<div class=\"elementor-element elementor-element-518227c elementor-widget elementor-widget-jkit_contact_form_7\" data-id=\"518227c\" data-element_type=\"widget\" data-settings=\"{&quot;profecient_custom_cursor_toggle&quot;:false,&quot;profecient_parallax_effects_toggle&quot;:0,&quot;profecient_mouse_effects_toggle&quot;:0}\" data-widget_type=\"jkit_contact_form_7.default\">\n\t\t\t\t<div class=\"elementor-widget-container\">\n\t\t\t<div  class=\"jeg-elementor-kit jkit-contact-form-7 jeg_module___69da03ea65a9a\" >\n<div class=\"wpcf7 no-js\" id=\"wpcf7-f531-o1\" lang=\"es-CO\" dir=\"ltr\">\n<div class=\"screen-reader-response\"><p role=\"status\" aria-live=\"polite\" aria-atomic=\"true\"><\/p> <ul><\/ul><\/div>\n<form action=\"\/index.php\/wp-json\/wp\/v2\/pages\/560#wpcf7-f531-o1\" method=\"post\" class=\"wpcf7-form init\" aria-label=\"Formulario de contacto\" novalidate=\"novalidate\" data-status=\"init\">\n<div style=\"display: none;\">\n<input type=\"hidden\" name=\"_wpcf7\" value=\"531\" \/>\n<input type=\"hidden\" name=\"_wpcf7_version\" value=\"5.9.8\" \/>\n<input type=\"hidden\" name=\"_wpcf7_locale\" value=\"es_CO\" \/>\n<input type=\"hidden\" name=\"_wpcf7_unit_tag\" value=\"wpcf7-f531-o1\" \/>\n<input type=\"hidden\" name=\"_wpcf7_container_post\" value=\"0\" \/>\n<input type=\"hidden\" name=\"_wpcf7_posted_data_hash\" value=\"\" \/>\n<\/div>\n<p><label> Tu nombre<br \/>\n<span class=\"wpcf7-form-control-wrap\" data-name=\"your-name\"><input size=\"40\" maxlength=\"400\" class=\"wpcf7-form-control wpcf7-text wpcf7-validates-as-required\" autocomplete=\"name\" aria-required=\"true\" aria-invalid=\"false\" value=\"\" type=\"text\" name=\"your-name\" \/><\/span> <\/label>\n<\/p>\n<p><label> Tu correo electr\u00f3nico<br \/>\n<span class=\"wpcf7-form-control-wrap\" data-name=\"your-email\"><input size=\"40\" maxlength=\"400\" class=\"wpcf7-form-control wpcf7-email wpcf7-validates-as-required wpcf7-text wpcf7-validates-as-email\" autocomplete=\"email\" aria-required=\"true\" aria-invalid=\"false\" value=\"\" type=\"email\" name=\"your-email\" \/><\/span> <\/label>\n<\/p>\n<p><label> Asunto<br \/>\n<span class=\"wpcf7-form-control-wrap\" data-name=\"your-subject\"><input size=\"40\" maxlength=\"400\" class=\"wpcf7-form-control wpcf7-text wpcf7-validates-as-required\" aria-required=\"true\" aria-invalid=\"false\" value=\"\" type=\"text\" name=\"your-subject\" \/><\/span> <\/label>\n<\/p>\n<p><label> Tu mensaje (opcional)<br \/>\n<span class=\"wpcf7-form-control-wrap\" data-name=\"your-message\"><textarea cols=\"40\" rows=\"10\" maxlength=\"2000\" class=\"wpcf7-form-control wpcf7-textarea\" aria-invalid=\"false\" name=\"your-message\"><\/textarea><\/span> <\/label>\n<\/p>\n<p><input class=\"wpcf7-form-control wpcf7-submit has-spinner\" type=\"submit\" value=\"Enviar\" \/>\n<\/p><div class=\"wpcf7-response-output\" aria-hidden=\"true\"><\/div>\n<\/form>\n<\/div>\n<\/div>\t\t<\/div>\n\t\t\t\t<\/div>\n\t\t\t\t\t<\/div>\n\t\t\t\t<\/div>\n\t\t\t\t<\/div>\n\t\t","protected":false},"excerpt":{"rendered":"<p>Oportunidad en Primera L\u00ednea de Playa Superficie: 5.360 m\u00b2 Precio: 2.000.000 \u20ac Descripci\u00f3n Ideal para: Hotel con spa (agua salada) Balneario-spa Vivienda de lujo Dispone del privilegio de abastecerse del propio mar. Ubicaci\u00f3n Provincia: Pontevedra, Galicia La edificaci\u00f3n se encuentra en un entorno delimitado por la ley de Costas (Zona Mar\u00edtima Terrestre). Regulaciones de Construcci\u00f3n [&hellip;]<\/p>\n","protected":false},"author":1,"featured_media":0,"parent":0,"menu_order":0,"comment_status":"closed","ping_status":"closed","template":"","meta":{"footnotes":""},"class_list":["post-560","page","type-page","status-publish","hentry"],"_links":{"self":[{"href":"https:\/\/grupodeinversioneseintermediacion.es\/index.php\/wp-json\/wp\/v2\/pages\/560","targetHints":{"allow":["GET"]}}],"collection":[{"href":"https:\/\/grupodeinversioneseintermediacion.es\/index.php\/wp-json\/wp\/v2\/pages"}],"about":[{"href":"https:\/\/grupodeinversioneseintermediacion.es\/index.php\/wp-json\/wp\/v2\/types\/page"}],"author":[{"embeddable":true,"href":"https:\/\/grupodeinversioneseintermediacion.es\/index.php\/wp-json\/wp\/v2\/users\/1"}],"replies":[{"embeddable":true,"href":"https:\/\/grupodeinversioneseintermediacion.es\/index.php\/wp-json\/wp\/v2\/comments?post=560"}],"version-history":[{"count":7,"href":"https:\/\/grupodeinversioneseintermediacion.es\/index.php\/wp-json\/wp\/v2\/pages\/560\/revisions"}],"predecessor-version":[{"id":613,"href":"https:\/\/grupodeinversioneseintermediacion.es\/index.php\/wp-json\/wp\/v2\/pages\/560\/revisions\/613"}],"wp:attachment":[{"href":"https:\/\/grupodeinversioneseintermediacion.es\/index.php\/wp-json\/wp\/v2\/media?parent=560"}],"curies":[{"name":"wp","href":"https:\/\/api.w.org\/{rel}","templated":true}]}}