{"id":635,"date":"2024-07-16T03:30:03","date_gmt":"2024-07-16T02:30:03","guid":{"rendered":"https:\/\/grupodeinversioneseintermediacion.es\/?page_id=635"},"modified":"2024-07-16T03:31:45","modified_gmt":"2024-07-16T02:31:45","slug":"rentabilidad","status":"publish","type":"page","link":"https:\/\/grupodeinversioneseintermediacion.es\/index.php\/rentabilidad\/","title":{"rendered":"Rentabilidad"},"content":{"rendered":"\t\t<div data-elementor-type=\"wp-page\" data-elementor-id=\"635\" class=\"elementor elementor-635\" data-elementor-settings=\"{&quot;profecient_custom_cursor_toggle&quot;:false}\" data-elementor-post-type=\"page\">\n\t\t\t\t<div class=\"elementor-element elementor-element-1edad33 e-flex e-con-boxed e-con e-parent\" data-id=\"1edad33\" data-element_type=\"container\" data-settings=\"{&quot;profecient_background_motion_effects_toggle&quot;:0,&quot;profecient_custom_cursor_toggle&quot;:false,&quot;profecient_parallax_effects_toggle&quot;:0,&quot;profecient_mouse_effects_toggle&quot;:0}\">\n\t\t\t\t\t<div class=\"e-con-inner\">\n\t\t\t\t<div class=\"elementor-element elementor-element-07cce60 elementor-widget elementor-widget-heading\" data-id=\"07cce60\" data-element_type=\"widget\" data-settings=\"{&quot;profecient_custom_cursor_toggle&quot;:false,&quot;profecient_parallax_effects_toggle&quot;:0,&quot;profecient_mouse_effects_toggle&quot;:0}\" data-widget_type=\"heading.default\">\n\t\t\t\t<div class=\"elementor-widget-container\">\n\t\t\t<style>\/*! elementor - v3.23.0 - 25-07-2024 *\/\n.elementor-heading-title{padding:0;margin:0;line-height:1}.elementor-widget-heading .elementor-heading-title[class*=elementor-size-]>a{color:inherit;font-size:inherit;line-height:inherit}.elementor-widget-heading .elementor-heading-title.elementor-size-small{font-size:15px}.elementor-widget-heading .elementor-heading-title.elementor-size-medium{font-size:19px}.elementor-widget-heading .elementor-heading-title.elementor-size-large{font-size:29px}.elementor-widget-heading .elementor-heading-title.elementor-size-xl{font-size:39px}.elementor-widget-heading .elementor-heading-title.elementor-size-xxl{font-size:59px}<\/style><h2 class=\"elementor-heading-title elementor-size-default\"><h3>Oportunidad de Inversi\u00f3n<\/h3>\n\n<p><strong>Inversi\u00f3n:<\/strong> 22 Millones \u20ac<\/p>\n<p><strong>Rentabilidad:<\/strong> 15% Garantizado en Espa\u00f1a<\/p>\n\n<h4>Descripci\u00f3n del Paraje Natural<\/h4>\n<p>Extensi\u00f3n de aproximadamente <strong>2.500.000 m\u00b2<\/strong>. Uno de los mayores parques de animales de Europa, donde conviven m\u00e1s de <strong>1.000 animales<\/strong> y m\u00e1s de <strong>100 especies<\/strong>.<\/p>\n\n<h4>Servicios Ofrecidos<\/h4>\n<ul>\n    <li>Tienda de Souvenirs<\/li>\n    <li>Tienda de Regalos Personalizados<\/li>\n    <li>Servicios Fotogr\u00e1ficos<\/li>\n    <li>Merendero<\/li>\n    <li>Pista de Karting<\/li>\n    <li>Paseos en Barca<\/li>\n    <li>Piscinas<\/li>\n    <li>Parque Infantil<\/li>\n    <li>Alojamientos Rurales: Fort West Barranco<\/li>\n    <li>Alojamientos Rurales: Las Casitas del Lago<\/li>\n<\/ul>\n\n<p>Si est\u00e1 interesado, podemos ampliar la informaci\u00f3n y, tras su carta de intenci\u00f3n, coordinar una primera reuni\u00f3n con la propiedad.<\/p>\n\n<p>Para m\u00e1s informaci\u00f3n, m\u00e1ndenos un mensaje.<\/p><\/h2>\t\t<\/div>\n\t\t\t\t<\/div>\n\t\t\t\t\t<\/div>\n\t\t\t\t<\/div>\n\t\t<div class=\"elementor-element elementor-element-214e807 e-flex e-con-boxed e-con e-parent\" data-id=\"214e807\" data-element_type=\"container\" data-settings=\"{&quot;profecient_background_motion_effects_toggle&quot;:0,&quot;profecient_custom_cursor_toggle&quot;:false,&quot;profecient_parallax_effects_toggle&quot;:0,&quot;profecient_mouse_effects_toggle&quot;:0}\">\n\t\t\t\t\t<div class=\"e-con-inner\">\n\t\t\t\t<div class=\"elementor-element elementor-element-51c742e elementor-widget elementor-widget-jkit_contact_form_7\" data-id=\"51c742e\" data-element_type=\"widget\" data-settings=\"{&quot;profecient_custom_cursor_toggle&quot;:false,&quot;profecient_parallax_effects_toggle&quot;:0,&quot;profecient_mouse_effects_toggle&quot;:0}\" data-widget_type=\"jkit_contact_form_7.default\">\n\t\t\t\t<div class=\"elementor-widget-container\">\n\t\t\t<div  class=\"jeg-elementor-kit jkit-contact-form-7 jeg_module___69da07d4d5f02\" >\n<div class=\"wpcf7 no-js\" id=\"wpcf7-f531-o1\" lang=\"es-CO\" dir=\"ltr\">\n<div class=\"screen-reader-response\"><p role=\"status\" aria-live=\"polite\" aria-atomic=\"true\"><\/p> <ul><\/ul><\/div>\n<form action=\"\/index.php\/wp-json\/wp\/v2\/pages\/635#wpcf7-f531-o1\" method=\"post\" class=\"wpcf7-form init\" aria-label=\"Formulario de contacto\" novalidate=\"novalidate\" data-status=\"init\">\n<div style=\"display: none;\">\n<input type=\"hidden\" name=\"_wpcf7\" value=\"531\" \/>\n<input type=\"hidden\" name=\"_wpcf7_version\" value=\"5.9.8\" \/>\n<input type=\"hidden\" name=\"_wpcf7_locale\" value=\"es_CO\" \/>\n<input type=\"hidden\" name=\"_wpcf7_unit_tag\" value=\"wpcf7-f531-o1\" \/>\n<input type=\"hidden\" name=\"_wpcf7_container_post\" value=\"0\" \/>\n<input type=\"hidden\" name=\"_wpcf7_posted_data_hash\" value=\"\" \/>\n<\/div>\n<p><label> Tu nombre<br \/>\n<span class=\"wpcf7-form-control-wrap\" data-name=\"your-name\"><input size=\"40\" maxlength=\"400\" class=\"wpcf7-form-control wpcf7-text wpcf7-validates-as-required\" autocomplete=\"name\" aria-required=\"true\" aria-invalid=\"false\" value=\"\" type=\"text\" name=\"your-name\" \/><\/span> <\/label>\n<\/p>\n<p><label> Tu correo electr\u00f3nico<br \/>\n<span class=\"wpcf7-form-control-wrap\" data-name=\"your-email\"><input size=\"40\" maxlength=\"400\" class=\"wpcf7-form-control wpcf7-email wpcf7-validates-as-required wpcf7-text wpcf7-validates-as-email\" autocomplete=\"email\" aria-required=\"true\" aria-invalid=\"false\" value=\"\" type=\"email\" name=\"your-email\" \/><\/span> <\/label>\n<\/p>\n<p><label> Asunto<br \/>\n<span class=\"wpcf7-form-control-wrap\" data-name=\"your-subject\"><input size=\"40\" maxlength=\"400\" class=\"wpcf7-form-control wpcf7-text wpcf7-validates-as-required\" aria-required=\"true\" aria-invalid=\"false\" value=\"\" type=\"text\" name=\"your-subject\" \/><\/span> <\/label>\n<\/p>\n<p><label> Tu mensaje (opcional)<br \/>\n<span class=\"wpcf7-form-control-wrap\" data-name=\"your-message\"><textarea cols=\"40\" rows=\"10\" maxlength=\"2000\" class=\"wpcf7-form-control wpcf7-textarea\" aria-invalid=\"false\" name=\"your-message\"><\/textarea><\/span> <\/label>\n<\/p>\n<p><input class=\"wpcf7-form-control wpcf7-submit has-spinner\" type=\"submit\" value=\"Enviar\" \/>\n<\/p><div class=\"wpcf7-response-output\" aria-hidden=\"true\"><\/div>\n<\/form>\n<\/div>\n<\/div>\t\t<\/div>\n\t\t\t\t<\/div>\n\t\t\t\t\t<\/div>\n\t\t\t\t<\/div>\n\t\t\t\t<\/div>\n\t\t","protected":false},"excerpt":{"rendered":"<p>Oportunidad de Inversi\u00f3n Inversi\u00f3n: 22 Millones \u20ac Rentabilidad: 15% Garantizado en Espa\u00f1a Descripci\u00f3n del Paraje Natural Extensi\u00f3n de aproximadamente 2.500.000 m\u00b2. Uno de los mayores parques de animales de Europa, donde conviven m\u00e1s de 1.000 animales y m\u00e1s de 100 especies. Servicios Ofrecidos Tienda de Souvenirs Tienda de Regalos Personalizados Servicios Fotogr\u00e1ficos Merendero Pista de [&hellip;]<\/p>\n","protected":false},"author":1,"featured_media":0,"parent":0,"menu_order":0,"comment_status":"closed","ping_status":"closed","template":"","meta":{"footnotes":""},"class_list":["post-635","page","type-page","status-publish","hentry"],"_links":{"self":[{"href":"https:\/\/grupodeinversioneseintermediacion.es\/index.php\/wp-json\/wp\/v2\/pages\/635","targetHints":{"allow":["GET"]}}],"collection":[{"href":"https:\/\/grupodeinversioneseintermediacion.es\/index.php\/wp-json\/wp\/v2\/pages"}],"about":[{"href":"https:\/\/grupodeinversioneseintermediacion.es\/index.php\/wp-json\/wp\/v2\/types\/page"}],"author":[{"embeddable":true,"href":"https:\/\/grupodeinversioneseintermediacion.es\/index.php\/wp-json\/wp\/v2\/users\/1"}],"replies":[{"embeddable":true,"href":"https:\/\/grupodeinversioneseintermediacion.es\/index.php\/wp-json\/wp\/v2\/comments?post=635"}],"version-history":[{"count":5,"href":"https:\/\/grupodeinversioneseintermediacion.es\/index.php\/wp-json\/wp\/v2\/pages\/635\/revisions"}],"predecessor-version":[{"id":640,"href":"https:\/\/grupodeinversioneseintermediacion.es\/index.php\/wp-json\/wp\/v2\/pages\/635\/revisions\/640"}],"wp:attachment":[{"href":"https:\/\/grupodeinversioneseintermediacion.es\/index.php\/wp-json\/wp\/v2\/media?parent=635"}],"curies":[{"name":"wp","href":"https:\/\/api.w.org\/{rel}","templated":true}]}}